{"id":3,"date":"2025-11-04T10:57:47","date_gmt":"2025-11-04T10:57:47","guid":{"rendered":"https:\/\/www.odrshelter.com\/?page_id=3"},"modified":"2025-11-21T19:50:59","modified_gmt":"2025-11-21T19:50:59","slug":"schorn-wojska","status":"publish","type":"page","link":"https:\/\/www.odrshelter.com\/en\/schorn-wojska\/","title":{"rendered":"Shelter for the army"},"content":{"rendered":"<div data-elementor-type=\"wp-page\" data-elementor-id=\"3\" class=\"elementor elementor-3\">\n\t\t\t\t<div class=\"elementor-element elementor-element-009d2d8 e-flex e-con-boxed e-con e-parent\" data-id=\"009d2d8\" data-element_type=\"container\" data-e-type=\"container\" data-settings=\"{&quot;jet_parallax_layout_list&quot;:[]}\">\n\t\t\t\t\t<div class=\"e-con-inner\">\n\t\t\t\t<div class=\"elementor-element elementor-element-b1fe231 elementor-widget elementor-widget-heading\" data-id=\"b1fe231\" data-element_type=\"widget\" data-e-type=\"widget\" data-widget_type=\"heading.default\">\n\t\t\t\t\t<h2 class=\"elementor-heading-title elementor-size-default\">MILITARY SHELTERS:<\/h2>\t\t\t\t<\/div>\n\t\t\t\t\t<\/div>\n\t\t\t\t<\/div>\n\t\t<div class=\"elementor-element elementor-element-6938ea4 e-flex e-con-boxed e-con e-parent\" data-id=\"6938ea4\" data-element_type=\"container\" data-e-type=\"container\" data-settings=\"{&quot;jet_parallax_layout_list&quot;:[]}\">\n\t\t\t\t\t<div class=\"e-con-inner\">\n\t\t\t\t<div class=\"elementor-element elementor-element-e534b46 elementor-widget elementor-widget-text-editor\" data-id=\"e534b46\" data-element_type=\"widget\" data-e-type=\"widget\" data-widget_type=\"text-editor.default\">\n\t\t\t\t\t\t\t\t\t<p><strong>Military shelters should be characterized by: (1) the ability to conceal their location, (2) flexibility in planning and configuring the facility network, and (3) resistance to weapons. The \"One Day Ready Shelter\" system, whose modular design ensures full functionality in each of these areas, provides a solution that meets these requirements.<\/strong><br \/><br \/><strong>(1) The system is based on prefabricated lower and upper elements, equipped with specially shaped joint edges, enabling quick assembly without the need for mortar or wet work. The basic elements have a U-shaped cross-section and are joined using the \"dry\" method, which shortens construction time and minimizes the impact on the site.<\/strong><br \/><br \/><strong>(2) The geometric dimensions and weight of the prefabricated components have been optimized for transport within the standard dimensions and axle loads. This allows for the serial production of modules (\"system building blocks\") and their storage for rapid deployment as needed.<\/strong><br \/><br \/><strong>(3) Protective surfaces are designed to meet the S-3 resistance category, ensuring the protection of personnel and equipment. The structure demonstrates resistance to direct impacts from typical weapons.<\/strong><\/p>\t\t\t\t\t\t\t\t<\/div>\n\t\t\t\t\t<\/div>\n\t\t\t\t<\/div>\n\t\t\t\t<\/div>","protected":false},"excerpt":{"rendered":"<p>SCHRONY WOJSKOWE: Schrony wojskowe powinny charakteryzowa\u0107 si\u0119: (1) zdolno\u015bci\u0105 maskowania lokalizacji, (2) elastyczno\u015bci\u0105 w planowaniu i konfiguracji sieci obiekt\u00f3w, (3) odporno\u015bci\u0105 na dzia\u0142anie \u015brodk\u00f3w ra\u017cenia. Rozwi\u0105zaniem spe\u0142niaj\u0105cym powy\u017csze wymagania jest system \u201eOne Day Ready Shelter&#8221;, kt\u00f3rego konstrukcja modu\u0142owa zapewnia pe\u0142n\u0105 funkcjonalno\u015b\u0107 w ka\u017cdym z wymienionych obszar\u00f3w. (1) System oparty jest na prefabrykowanych elementach dolnych i [&hellip;]<\/p>\n","protected":false},"author":1,"featured_media":0,"parent":0,"menu_order":0,"comment_status":"closed","ping_status":"closed","template":"","meta":{"footnotes":""},"class_list":["post-3","page","type-page","status-publish","hentry"],"_links":{"self":[{"href":"https:\/\/www.odrshelter.com\/en\/wp-json\/wp\/v2\/pages\/3","targetHints":{"allow":["GET"]}}],"collection":[{"href":"https:\/\/www.odrshelter.com\/en\/wp-json\/wp\/v2\/pages"}],"about":[{"href":"https:\/\/www.odrshelter.com\/en\/wp-json\/wp\/v2\/types\/page"}],"author":[{"embeddable":true,"href":"https:\/\/www.odrshelter.com\/en\/wp-json\/wp\/v2\/users\/1"}],"replies":[{"embeddable":true,"href":"https:\/\/www.odrshelter.com\/en\/wp-json\/wp\/v2\/comments?post=3"}],"version-history":[{"count":7,"href":"https:\/\/www.odrshelter.com\/en\/wp-json\/wp\/v2\/pages\/3\/revisions"}],"predecessor-version":[{"id":2750,"href":"https:\/\/www.odrshelter.com\/en\/wp-json\/wp\/v2\/pages\/3\/revisions\/2750"}],"wp:attachment":[{"href":"https:\/\/www.odrshelter.com\/en\/wp-json\/wp\/v2\/media?parent=3"}],"curies":[{"name":"wp","href":"https:\/\/api.w.org\/{rel}","templated":true}]}}