{"id":2374,"date":"2022-01-04T11:00:52","date_gmt":"2022-01-04T11:00:52","guid":{"rendered":"https:\/\/ld-wp73.template-help.com\/wordpress\/prod_16477\/v3\/?page_id=9"},"modified":"2025-11-21T12:44:56","modified_gmt":"2025-11-21T12:44:56","slug":"co-to-odr","status":"publish","type":"page","link":"https:\/\/www.odrshelter.com\/en\/co-to-odr\/","title":{"rendered":"What is ODR"},"content":{"rendered":"\t\t<div data-elementor-type=\"wp-page\" data-elementor-id=\"2374\" class=\"elementor elementor-2374\">\n\t\t\t\t<div class=\"elementor-element elementor-element-3525908 e-flex e-con-boxed e-con e-parent\" data-id=\"3525908\" data-element_type=\"container\" data-e-type=\"container\" data-settings=\"{&quot;jet_parallax_layout_list&quot;:[]}\">\n\t\t\t\t\t<div class=\"e-con-inner\">\n\t\t\t\t<div class=\"elementor-element elementor-element-5d7c83e elementor-widget elementor-widget-text-editor\" data-id=\"5d7c83e\" data-element_type=\"widget\" data-e-type=\"widget\" data-widget_type=\"text-editor.default\">\n\t\t\t\t\t\t\t\t\t<p>\u00a0<\/p><p>\u00a0<\/p>\t\t\t\t\t\t\t\t<\/div>\n\t\t\t\t\t<\/div>\n\t\t\t\t<\/div>\n\t\t\t\t<section class=\"elementor-section elementor-top-section elementor-element elementor-element-dabcaf3 elementor-section-boxed elementor-section-height-default elementor-section-height-default\" data-id=\"dabcaf3\" data-element_type=\"section\" data-e-type=\"section\" data-settings=\"{&quot;jet_parallax_layout_list&quot;:[{&quot;jet_parallax_layout_image&quot;:{&quot;url&quot;:&quot;&quot;,&quot;id&quot;:&quot;&quot;,&quot;size&quot;:&quot;&quot;},&quot;_id&quot;:&quot;ae4dc84&quot;,&quot;jet_parallax_layout_image_tablet&quot;:{&quot;url&quot;:&quot;&quot;,&quot;id&quot;:&quot;&quot;,&quot;size&quot;:&quot;&quot;},&quot;jet_parallax_layout_image_mobile&quot;:{&quot;url&quot;:&quot;&quot;,&quot;id&quot;:&quot;&quot;,&quot;size&quot;:&quot;&quot;},&quot;jet_parallax_layout_speed&quot;:{&quot;unit&quot;:&quot;%&quot;,&quot;size&quot;:50,&quot;sizes&quot;:[]},&quot;jet_parallax_layout_type&quot;:&quot;scroll&quot;,&quot;jet_parallax_layout_direction&quot;:&quot;1&quot;,&quot;jet_parallax_layout_fx_direction&quot;:null,&quot;jet_parallax_layout_z_index&quot;:&quot;&quot;,&quot;jet_parallax_layout_bg_x&quot;:50,&quot;jet_parallax_layout_bg_x_tablet&quot;:&quot;&quot;,&quot;jet_parallax_layout_bg_x_mobile&quot;:&quot;&quot;,&quot;jet_parallax_layout_bg_y&quot;:50,&quot;jet_parallax_layout_bg_y_tablet&quot;:&quot;&quot;,&quot;jet_parallax_layout_bg_y_mobile&quot;:&quot;&quot;,&quot;jet_parallax_layout_bg_size&quot;:&quot;auto&quot;,&quot;jet_parallax_layout_bg_size_tablet&quot;:&quot;&quot;,&quot;jet_parallax_layout_bg_size_mobile&quot;:&quot;&quot;,&quot;jet_parallax_layout_animation_prop&quot;:&quot;transform&quot;,&quot;jet_parallax_layout_on&quot;:[&quot;desktop&quot;,&quot;tablet&quot;]}]}\">\n\t\t\t\t\t\t<div class=\"elementor-container elementor-column-gap-no\">\n\t\t\t\t\t<div class=\"elementor-column elementor-col-100 elementor-top-column elementor-element elementor-element-8bbf4bf\" data-id=\"8bbf4bf\" data-element_type=\"column\" data-e-type=\"column\">\n\t\t\t<div class=\"elementor-widget-wrap elementor-element-populated\">\n\t\t\t\t\t\t<section class=\"elementor-section elementor-inner-section elementor-element elementor-element-c885c07 elementor-section-full_width elementor-section-height-default elementor-section-height-default\" data-id=\"c885c07\" data-element_type=\"section\" data-e-type=\"section\" data-settings=\"{&quot;jet_parallax_layout_list&quot;:[{&quot;jet_parallax_layout_image&quot;:{&quot;url&quot;:&quot;&quot;,&quot;id&quot;:&quot;&quot;,&quot;size&quot;:&quot;&quot;},&quot;_id&quot;:&quot;c9dc207&quot;,&quot;jet_parallax_layout_image_tablet&quot;:{&quot;url&quot;:&quot;&quot;,&quot;id&quot;:&quot;&quot;,&quot;size&quot;:&quot;&quot;},&quot;jet_parallax_layout_image_mobile&quot;:{&quot;url&quot;:&quot;&quot;,&quot;id&quot;:&quot;&quot;,&quot;size&quot;:&quot;&quot;},&quot;jet_parallax_layout_speed&quot;:{&quot;unit&quot;:&quot;%&quot;,&quot;size&quot;:50,&quot;sizes&quot;:[]},&quot;jet_parallax_layout_type&quot;:&quot;scroll&quot;,&quot;jet_parallax_layout_direction&quot;:&quot;1&quot;,&quot;jet_parallax_layout_fx_direction&quot;:null,&quot;jet_parallax_layout_z_index&quot;:&quot;&quot;,&quot;jet_parallax_layout_bg_x&quot;:50,&quot;jet_parallax_layout_bg_x_tablet&quot;:&quot;&quot;,&quot;jet_parallax_layout_bg_x_mobile&quot;:&quot;&quot;,&quot;jet_parallax_layout_bg_y&quot;:50,&quot;jet_parallax_layout_bg_y_tablet&quot;:&quot;&quot;,&quot;jet_parallax_layout_bg_y_mobile&quot;:&quot;&quot;,&quot;jet_parallax_layout_bg_size&quot;:&quot;auto&quot;,&quot;jet_parallax_layout_bg_size_tablet&quot;:&quot;&quot;,&quot;jet_parallax_layout_bg_size_mobile&quot;:&quot;&quot;,&quot;jet_parallax_layout_animation_prop&quot;:&quot;transform&quot;,&quot;jet_parallax_layout_on&quot;:[&quot;desktop&quot;,&quot;tablet&quot;]}]}\">\n\t\t\t\t\t\t<div class=\"elementor-container elementor-column-gap-no\">\n\t\t\t\t\t<div class=\"elementor-column elementor-col-50 elementor-inner-column elementor-element elementor-element-85b8670\" data-id=\"85b8670\" data-element_type=\"column\" data-e-type=\"column\">\n\t\t\t<div class=\"elementor-widget-wrap elementor-element-populated\">\n\t\t\t\t\t\t<div class=\"elementor-element elementor-element-151711f elementor-widget elementor-widget-heading\" data-id=\"151711f\" data-element_type=\"widget\" data-e-type=\"widget\" data-widget_type=\"heading.default\">\n\t\t\t\t\t<h2 class=\"elementor-heading-title elementor-size-default\">ODR (One Day Ready Shelter)<\/h2>\t\t\t\t<\/div>\n\t\t\t\t\t<\/div>\n\t\t<\/div>\n\t\t\t\t<div class=\"elementor-column elementor-col-50 elementor-inner-column elementor-element elementor-element-1dd47ea\" data-id=\"1dd47ea\" data-element_type=\"column\" data-e-type=\"column\">\n\t\t\t<div class=\"elementor-widget-wrap elementor-element-populated\">\n\t\t\t\t\t\t<div class=\"elementor-element elementor-element-c02d0e6 elementor-widget elementor-widget-heading\" data-id=\"c02d0e6\" data-element_type=\"widget\" data-e-type=\"widget\" data-widget_type=\"heading.default\">\n\t\t\t\t\t<h2 class=\"elementor-heading-title elementor-size-default\">Co to jest ODR<\/h2>\t\t\t\t<\/div>\n\t\t\t\t\t<\/div>\n\t\t<\/div>\n\t\t\t\t\t<\/div>\n\t\t<\/section>\n\t\t\t\t<section class=\"elementor-section elementor-inner-section elementor-element elementor-element-de8b1f2 elementor-section-full_width elementor-section-height-default elementor-section-height-default\" data-id=\"de8b1f2\" data-element_type=\"section\" data-e-type=\"section\" data-settings=\"{&quot;jet_parallax_layout_list&quot;:[{&quot;jet_parallax_layout_image&quot;:{&quot;url&quot;:&quot;&quot;,&quot;id&quot;:&quot;&quot;,&quot;size&quot;:&quot;&quot;},&quot;_id&quot;:&quot;629d394&quot;,&quot;jet_parallax_layout_image_tablet&quot;:{&quot;url&quot;:&quot;&quot;,&quot;id&quot;:&quot;&quot;,&quot;size&quot;:&quot;&quot;},&quot;jet_parallax_layout_image_mobile&quot;:{&quot;url&quot;:&quot;&quot;,&quot;id&quot;:&quot;&quot;,&quot;size&quot;:&quot;&quot;},&quot;jet_parallax_layout_speed&quot;:{&quot;unit&quot;:&quot;%&quot;,&quot;size&quot;:50,&quot;sizes&quot;:[]},&quot;jet_parallax_layout_type&quot;:&quot;scroll&quot;,&quot;jet_parallax_layout_direction&quot;:&quot;1&quot;,&quot;jet_parallax_layout_fx_direction&quot;:null,&quot;jet_parallax_layout_z_index&quot;:&quot;&quot;,&quot;jet_parallax_layout_bg_x&quot;:50,&quot;jet_parallax_layout_bg_x_tablet&quot;:&quot;&quot;,&quot;jet_parallax_layout_bg_x_mobile&quot;:&quot;&quot;,&quot;jet_parallax_layout_bg_y&quot;:50,&quot;jet_parallax_layout_bg_y_tablet&quot;:&quot;&quot;,&quot;jet_parallax_layout_bg_y_mobile&quot;:&quot;&quot;,&quot;jet_parallax_layout_bg_size&quot;:&quot;auto&quot;,&quot;jet_parallax_layout_bg_size_tablet&quot;:&quot;&quot;,&quot;jet_parallax_layout_bg_size_mobile&quot;:&quot;&quot;,&quot;jet_parallax_layout_animation_prop&quot;:&quot;transform&quot;,&quot;jet_parallax_layout_on&quot;:[&quot;desktop&quot;,&quot;tablet&quot;]}]}\">\n\t\t\t\t\t\t<div class=\"elementor-container elementor-column-gap-no\">\n\t\t\t\t\t<div class=\"elementor-column elementor-col-50 elementor-inner-column elementor-element elementor-element-be6fc5e\" data-id=\"be6fc5e\" data-element_type=\"column\" data-e-type=\"column\">\n\t\t\t<div class=\"elementor-widget-wrap elementor-element-populated\">\n\t\t\t\t\t\t<div class=\"elementor-element elementor-element-29305e9 elementor-widget elementor-widget-text-editor\" data-id=\"29305e9\" data-element_type=\"widget\" data-e-type=\"widget\" data-widget_type=\"text-editor.default\">\n\t\t\t\t\t\t\t\t\t<p>\u00a0to polska innowacja i unikalne rozwi\u0105zanie, kt\u00f3re wyznacza nowe standardy w zakresie prefabrykowanych schron\u00f3w modu\u0142owych. Projekt ODR to efekt wsp\u00f3\u0142pracy zespo\u0142u polskich ekspert\u00f3w: architekt\u00f3w, in\u017cynier\u00f3w i konstruktor\u00f3w, kt\u00f3rzy stworzyli ten innowacyjny system, spe\u0142niaj\u0105cy jednocze\u015bnie wymagania techniczne zawarte w projekcie rozporz\u0105dzenia Ministra Spraw Wewn\u0119trznych i Administracji w sprawie warunk\u00f3w technicznych dla budowli ochronnych oraz warunk\u00f3w technicznych ich u\u017cytkowania i usytuowania. Jeste\u015bmy dumni, \u017ce oferujemy polski produkt \u015bwiatowej jako\u015bci.<\/p>\t\t\t\t\t\t\t\t<\/div>\n\t\t\t\t<div class=\"elementor-element elementor-element-477003a elementor-widget elementor-widget-heading\" data-id=\"477003a\" data-element_type=\"widget\" data-e-type=\"widget\" data-widget_type=\"heading.default\">\n\t\t\t\t\t<h2 class=\"elementor-heading-title elementor-size-default\">Nasz system<\/h2>\t\t\t\t<\/div>\n\t\t\t\t<div class=\"elementor-element elementor-element-aca30d8 elementor-widget elementor-widget-text-editor\" data-id=\"aca30d8\" data-element_type=\"widget\" data-e-type=\"widget\" data-widget_type=\"text-editor.default\">\n\t\t\t\t\t\t\t\t\t<p>opiera si\u0119 na trwa\u0142ej konstrukcji \u017celbetowej oraz unikatowym, innowacyjnym systemie \u0142\u0105czenia, co zapewnia niezawodno\u015b\u0107, d\u0142ugotrwa\u0142\u0105 odporno\u015b\u0107 i mo\u017cliwo\u015b\u0107 wielokrotnego u\u017cycia element\u00f3w. Kluczowym elementem jest opatentowany \u0142\u0105cznik typu sinus, kt\u00f3ry umo\u017cliwia b\u0142yskawiczny i prosty monta\u017c bez u\u017cycia specjalistycznych narz\u0119dzi &#8211; \u0142\u0105czniki wbija si\u0119 m\u0142otkiem. System \u0142\u0105cznik\u00f3w zosta\u0142 przebadany na uczelni technicznej, gdzie wykaza\u0142 no\u015bno\u015b\u0107 por\u00f3wnywaln\u0105 ze z\u0142\u0105czami p\u0119tlowymi, przy wielokrotnie kr\u00f3tszym czasie monta\u017cu i znacznie prostszej obs\u0142udze.<\/p>\t\t\t\t\t\t\t\t<\/div>\n\t\t\t\t\t<\/div>\n\t\t<\/div>\n\t\t\t\t<div class=\"elementor-column elementor-col-50 elementor-inner-column elementor-element elementor-element-e065d82\" data-id=\"e065d82\" data-element_type=\"column\" data-e-type=\"column\">\n\t\t\t<div class=\"elementor-widget-wrap elementor-element-populated\">\n\t\t\t\t\t\t<div class=\"elementor-element elementor-element-31aa551 elementor-widget elementor-widget-text-editor\" data-id=\"31aa551\" data-element_type=\"widget\" data-e-type=\"widget\" data-widget_type=\"text-editor.default\">\n\t\t\t\t\t\t\t\t\t<p>ODR zosta\u0142 zaprojektowany z my\u015bl\u0105 o podw\u00f3jnym zastosowaniu: dla cel\u00f3w wojskowych oraz obrony cywilnej. Modu\u0142owa konstrukcja oraz mo\u017cliwo\u015b\u0107 wykorzystania stworzonego potencja\u0142u technologiczno-produkcyjnego do cel\u00f3w cywilnych sprawia, \u017ce system jest elastyczny w odpowiedzi na dynamicznie zmieniaj\u0105ce si\u0119 potrzeby, zar\u00f3wno na polu walki, jak i w zakresie ochrony ludno\u015bci. Schrony mog\u0105 pe\u0142ni\u0107 funkcj\u0119 polowych punkt\u00f3w medycznych lub magazyn\u00f3w czy centr\u00f3w dowodzenia, szybko zapewniaj\u0105c bezpieczn\u0105 infrastruktur\u0119 tam, gdzie jest najbardziej potrzebna.<\/p>\t\t\t\t\t\t\t\t<\/div>\n\t\t\t\t<div class=\"elementor-element elementor-element-8e76c71 elementor-widget elementor-widget-text-editor\" data-id=\"8e76c71\" data-element_type=\"widget\" data-e-type=\"widget\" data-widget_type=\"text-editor.default\">\n\t\t\t\t\t\t\t\t\t<p>System zbudowany jest z powtarzalnych modu\u0142owych element\u00f3w prefabrykowanych przystosowanych do szybkiego monta\u017cu za pomoc\u0105 opatentowanych \u0142\u0105cznik\u00f3w. Schron dla \u017co\u0142nierzy posiadaj\u0105 odporno\u015b\u0107 S-2, kt\u00f3r\u0105 w razie potrzeby mo\u017cna podnie\u015b\u0107 do S-3.\u00a0<\/p><p>Elementy mo\u017cna magazynowa\u0107, montowa\u0107 i demontowa\u0107 w zale\u017cno\u015bci od potrzeb. System przygotowany jest do maskowania, a dzi\u0119ki bardzo kr\u00f3tkiemu czasowi budowy ogranicza do minimum zdolno\u015bci rozpoznania przez przeciwnika.<\/p><p>Modu\u0142owo\u015b\u0107 konstrukcji umo\u017cliwia elastyczn\u0105 konfiguracj\u0119 i wszechstronne zastosowanie. Z jednego systemu powstaje ca\u0142y wachlarz struktur obronnych, kt\u00f3re mo\u017cna dostosowa\u0107 do aktualnych wymaga\u0144. W sk\u0142ad systemu ODR wchodz\u0105 m.in.: schrony dla dru\u017cyn piechoty, schrony dla pojazd\u00f3w opancerzonych\/czo\u0142g\u00f3w, podziemne magazyny paliwa i amunicji oraz r\u00f3\u017cnego typu punkty ogniowe. Schrony mog\u0105 funkcjonowa\u0107 jako obiekty naziemne, podziemne lub p\u00f3\u0142podziemne. Dzi\u0119ki kompaktowym wymiarom, modu\u0142y ODR s\u0105 kompatybilne ze standardowym transportem drogowym, morskim i kolejowym, co zapewnia pe\u0142n\u0105 mobilno\u015b\u0107 i mo\u017cliwo\u015b\u0107 b\u0142yskawicznego rozmieszczenia w dowolnej lokalizacji.<\/p>\t\t\t\t\t\t\t\t<\/div>\n\t\t\t\t<div class=\"elementor-element elementor-element-5fc3176 elementor-widget elementor-widget-text-editor\" data-id=\"5fc3176\" data-element_type=\"widget\" data-e-type=\"widget\" data-widget_type=\"text-editor.default\">\n\t\t\t\t\t\t\t\t\t<h2><span style=\"letter-spacing: 0px;\">Dlaczego ODR?<\/span><\/h2><p><strong>B\u0142yskawiczna realizacja:<\/strong><\/p><p>najkr\u00f3tszy mo\u017cliwy czas budowy przy zachowaniu trwa\u0142o\u015bci tradycyjnych konstrukcji.<\/p><p><strong>Elastyczno\u015b\u0107:<\/strong><\/p><p>\u0142atwe dopasowanie wielko\u015bci, rodzaju i lokalizacji obiekt\u00f3w do aktualnych potrzeb.\u00a0<\/p><p><strong>Prosty monta\u017c i demonta\u017c:<\/strong><\/p><p>mo\u017cliwo\u015b\u0107 szybkiej relokacji i ponownego u\u017cycia element\u00f3w.<\/p><p><strong>Podw\u00f3jne zastosowanie:<\/strong><\/p><p>mo\u017cliwo\u015b\u0107 wykorzystania stworzonego potencja\u0142u technologiczno-produkcyjnego do cel\u00f3w cywilnych.\u00a0<\/p>\t\t\t\t\t\t\t\t<\/div>\n\t\t\t\t\t<\/div>\n\t\t<\/div>\n\t\t\t\t\t<\/div>\n\t\t<\/section>\n\t\t\t\t\t<\/div>\n\t\t<\/div>\n\t\t\t\t\t<\/div>\n\t\t<\/section>\n\t\t\t\t<\/div>\n\t\t","protected":false},"excerpt":{"rendered":"<p>\u00a0 \u00a0 ODR (One Day Ready Shelter) Co to jest ODR \u00a0to polska innowacja i unikalne rozwi\u0105zanie, kt\u00f3re wyznacza nowe standardy w zakresie prefabrykowanych schron\u00f3w modu\u0142owych. Projekt ODR to efekt wsp\u00f3\u0142pracy zespo\u0142u polskich ekspert\u00f3w: architekt\u00f3w, in\u017cynier\u00f3w i konstruktor\u00f3w, kt\u00f3rzy stworzyli ten innowacyjny system, spe\u0142niaj\u0105cy jednocze\u015bnie wymagania techniczne zawarte w projekcie rozporz\u0105dzenia Ministra Spraw Wewn\u0119trznych i [&hellip;]<\/p>\n","protected":false},"author":1,"featured_media":0,"parent":0,"menu_order":0,"comment_status":"closed","ping_status":"closed","template":"elementor_header_footer","meta":{"footnotes":""},"class_list":["post-2374","page","type-page","status-publish","hentry"],"_links":{"self":[{"href":"https:\/\/www.odrshelter.com\/en\/wp-json\/wp\/v2\/pages\/2374","targetHints":{"allow":["GET"]}}],"collection":[{"href":"https:\/\/www.odrshelter.com\/en\/wp-json\/wp\/v2\/pages"}],"about":[{"href":"https:\/\/www.odrshelter.com\/en\/wp-json\/wp\/v2\/types\/page"}],"author":[{"embeddable":true,"href":"https:\/\/www.odrshelter.com\/en\/wp-json\/wp\/v2\/users\/1"}],"replies":[{"embeddable":true,"href":"https:\/\/www.odrshelter.com\/en\/wp-json\/wp\/v2\/comments?post=2374"}],"version-history":[{"count":24,"href":"https:\/\/www.odrshelter.com\/en\/wp-json\/wp\/v2\/pages\/2374\/revisions"}],"predecessor-version":[{"id":2728,"href":"https:\/\/www.odrshelter.com\/en\/wp-json\/wp\/v2\/pages\/2374\/revisions\/2728"}],"wp:attachment":[{"href":"https:\/\/www.odrshelter.com\/en\/wp-json\/wp\/v2\/media?parent=2374"}],"curies":[{"name":"wp","href":"https:\/\/api.w.org\/{rel}","templated":true}]}}